{"id":2,"date":"2015-12-18T15:19:39","date_gmt":"2015-12-18T14:19:39","guid":{"rendered":"http:\/\/metale.pwr.wroc.pl\/?page_id=2"},"modified":"2015-12-21T23:38:35","modified_gmt":"2015-12-21T22:38:35","slug":"przykladowa-strona","status":"publish","type":"page","link":"https:\/\/metale.pwr.edu.pl\/index.php\/przykladowa-strona\/","title":{"rendered":"Zainteresowania"},"content":{"rendered":"<h2>O co chodzi?<\/h2>\n<h5>2 marca 2012<\/h5>\n<p align=\"justify\">Zagadnienie, kt\u00f3rym si\u0119 zajmuj\u0119 w swojej pracy dotyczy utraty stateczno\u015bci przestrzennej poprzecznie st\u0119\u017conych s\u0142up\u00f3w dwuteowych o skokowej, nieosiowej zmianie przekroju poprzecznego.<\/p>\n<p>Czytaj\u0105c to po raz pierwszy brzmi troch\u0119 zawile i niezrozumiale, ale po kolei.<\/p>\n<p align=\"justify\"><b>Stateczno\u015b\u0107 przestrzenna<\/b> \u2014 z utrat\u0105 stateczno\u015bci mamy do czynienia, gdy nast\u0119puje jako\u015bciowa zmiana pracy uk\u0142adu i pr\u0119t z postaci prostolinowej przechodzi w krzyw\u0105. Najbardziej znanym przyk\u0142adem utraty stateczno\u015bci jest wyboczenie, kt\u00f3re charakteryzuje si\u0119 tym, \u017ce linia ugi\u0119cia pr\u0119ta jest krzyw\u0105 p\u0142ask\u0105 (wyboczenia nast\u0119pujw w p\u0142aszczy\u017anie mniejszej osi sztywno\u015bci). Bardziej z\u0142o\u017conymi przypadkami s\u0105 wyboczenie gi\u0119tne, wyboczenie gi\u0119tno-skr\u0119tne (w kt\u00f3rym posta\u0107 utraty stateczno\u015bci przybiera krzyw\u0105 przestrzenn\u0105) czy zwichrzenie (kiedy opr\u00f3cz \u015bciskania, pojawiaj\u0105 si\u0119 napr\u0119\u017cenia pochodz\u0105ce od zginania).<\/p>\n<p><img decoding=\"async\" loading=\"lazy\" class=\"alignright wp-image-29 size-medium\" src=\"http:\/\/metale.pwr.wroc.pl\/wp-content\/uploads\/2015\/12\/hala_1-300x244.jpg\" alt=\"hala_1\" width=\"300\" height=\"244\" srcset=\"https:\/\/metale.pwr.edu.pl\/wp-content\/uploads\/2015\/12\/hala_1-300x244.jpg 300w, https:\/\/metale.pwr.edu.pl\/wp-content\/uploads\/2015\/12\/hala_1.jpg 533w\" sizes=\"(max-width: 300px) 100vw, 300px\" \/><\/p>\n<p align=\"justify\"><b>S\u0142up st\u0119\u017cony poprzecznie<\/b> \u2014 to taki, w kt\u00f3rym poprzeczne st\u0119\u017cenia uniemo\u017cliwiaj\u0105 lub ograniczaj\u0105 (mog\u0105 to by\u0107 wi\u0119\u017ai podatne) przemieszczenia s\u0142upa. W prawid\u0142owo st\u0119\u017conej (ze wszystkimi typami st\u0119\u017ce\u0144) hali s\u0105 to s\u0142upy, do kt\u00f3rych zosta\u0142y przymocowane rygle \u015bcienne.<\/p>\n<p align=\"justify\"><b>Skokowa, nieosiowa zmiana przekroju<\/b> \u2014 s\u0142up o skokowej zmianie przekroju (sztywno\u015bci) to taki, dla kt\u00f3rego ta zmiana nast\u0119puje odcinkami. To, \u017ce ta zmiana jest nieosiowa, powoduje to, \u017ce osie poszczeg\u00f3lnych cz\u0119\u015bci s\u0142upa s\u0105 na pewnym mimo\u015brodzie.<\/p>\n<p align=\"justify\">W praktyce taki model pr\u0119ta reprezentuj\u0105 skrajne s\u0142upy w halach z suwnicami, w kt\u00f3rych cz\u0119\u015b\u0107 podsuwnicowa s\u0142upa przenosi obci\u0105\u017cenia obci\u0105\u017cenie od d\u017awigu, natomiast cz\u0119\u015b\u0107 nadsuwnicowa przenosi skutki oddzia\u0142ywa\u0144 pochodz\u0105cych od warunk\u00f3w atmosferycznych.<\/p>\n","protected":false},"excerpt":{"rendered":"<p>O co chodzi? 2 marca 2012 Zagadnienie, kt\u00f3rym si\u0119 zajmuj\u0119 w swojej pracy dotyczy utraty stateczno\u015bci przestrzennej poprzecznie st\u0119\u017conych s\u0142up\u00f3w dwuteowych o skokowej, nieosiowej zmianie przekroju poprzecznego. Czytaj\u0105c to po raz pierwszy brzmi troch\u0119 zawile i niezrozumiale, ale po kolei. &hellip; <a href=\"https:\/\/metale.pwr.edu.pl\/index.php\/przykladowa-strona\/\">Czytaj dalej <span class=\"meta-nav\">&rarr;<\/span><\/a><\/p>\n","protected":false},"author":1,"featured_media":0,"parent":0,"menu_order":1,"comment_status":"closed","ping_status":"closed","template":"","meta":[],"_links":{"self":[{"href":"https:\/\/metale.pwr.edu.pl\/index.php\/wp-json\/wp\/v2\/pages\/2"}],"collection":[{"href":"https:\/\/metale.pwr.edu.pl\/index.php\/wp-json\/wp\/v2\/pages"}],"about":[{"href":"https:\/\/metale.pwr.edu.pl\/index.php\/wp-json\/wp\/v2\/types\/page"}],"author":[{"embeddable":true,"href":"https:\/\/metale.pwr.edu.pl\/index.php\/wp-json\/wp\/v2\/users\/1"}],"replies":[{"embeddable":true,"href":"https:\/\/metale.pwr.edu.pl\/index.php\/wp-json\/wp\/v2\/comments?post=2"}],"version-history":[{"count":1,"href":"https:\/\/metale.pwr.edu.pl\/index.php\/wp-json\/wp\/v2\/pages\/2\/revisions"}],"predecessor-version":[{"id":33,"href":"https:\/\/metale.pwr.edu.pl\/index.php\/wp-json\/wp\/v2\/pages\/2\/revisions\/33"}],"wp:attachment":[{"href":"https:\/\/metale.pwr.edu.pl\/index.php\/wp-json\/wp\/v2\/media?parent=2"}],"curies":[{"name":"wp","href":"https:\/\/api.w.org\/{rel}","templated":true}]}}