{"id":34,"date":"2015-12-21T23:28:37","date_gmt":"2015-12-21T22:28:37","guid":{"rendered":"http:\/\/metale.pwr.wroc.pl\/?page_id=34"},"modified":"2021-02-23T21:49:46","modified_gmt":"2021-02-23T20:49:46","slug":"strona-glowna","status":"publish","type":"page","link":"https:\/\/metale.pwr.edu.pl\/","title":{"rendered":"Strona g\u0142\u00f3wna"},"content":{"rendered":"<p align=\"justify\">Witam na stronie przygotowanej specjalnie z my\u015bl\u0105 o studentach Wydzia\u0142u Budownictwa Politechniki Wroc\u0142awskiej ucz\u0119szczaj\u0105cnych na prowadzone przeze mnie zaj\u0119cia: podstawy konstrukcji metalowych, konstrukcje metalowe \u2014 elementy i hale.<\/p>\n<p align=\"justify\">Ma ona u\u0142atwi\u0107 komunikacj\u0119 ze studentami i na bie\u017c\u0105co pojawia\u0107 si\u0119 b\u0119d\u0105 wiadomo\u015bci na temat sprawozda\u0144 czy kolokwium zaliczeniowego, a tak\u017ce informacje na temat poszczeg\u00f3lnych zaj\u0119\u0107. Zapraszam r\u00f3wnie\u017c do zapoznania si\u0119 z przygotowanymi przeze mnie przyk\u0142adowymi zadaniami z\u00a0po\u0142\u0105cze\u0144 oraz innymi materia\u0142ami opracowanymi przez pracownik\u00f3w katedry.<\/p>\n<p>mgr in\u017c. Micha\u0142 Redecki<\/p>\n","protected":false},"excerpt":{"rendered":"<p>Witam na stronie przygotowanej specjalnie z my\u015bl\u0105 o studentach Wydzia\u0142u Budownictwa Politechniki Wroc\u0142awskiej ucz\u0119szczaj\u0105cnych na prowadzone przeze mnie zaj\u0119cia: podstawy konstrukcji metalowych, konstrukcje metalowe \u2014 elementy i hale. Ma ona u\u0142atwi\u0107 komunikacj\u0119 ze studentami i na bie\u017c\u0105co pojawia\u0107 si\u0119 b\u0119d\u0105 &hellip; <a href=\"https:\/\/metale.pwr.edu.pl\/\">Czytaj dalej <span class=\"meta-nav\">&rarr;<\/span><\/a><\/p>\n","protected":false},"author":1,"featured_media":113,"parent":0,"menu_order":0,"comment_status":"closed","ping_status":"closed","template":"","meta":[],"_links":{"self":[{"href":"https:\/\/metale.pwr.edu.pl\/index.php\/wp-json\/wp\/v2\/pages\/34"}],"collection":[{"href":"https:\/\/metale.pwr.edu.pl\/index.php\/wp-json\/wp\/v2\/pages"}],"about":[{"href":"https:\/\/metale.pwr.edu.pl\/index.php\/wp-json\/wp\/v2\/types\/page"}],"author":[{"embeddable":true,"href":"https:\/\/metale.pwr.edu.pl\/index.php\/wp-json\/wp\/v2\/users\/1"}],"replies":[{"embeddable":true,"href":"https:\/\/metale.pwr.edu.pl\/index.php\/wp-json\/wp\/v2\/comments?post=34"}],"version-history":[{"count":6,"href":"https:\/\/metale.pwr.edu.pl\/index.php\/wp-json\/wp\/v2\/pages\/34\/revisions"}],"predecessor-version":[{"id":2542,"href":"https:\/\/metale.pwr.edu.pl\/index.php\/wp-json\/wp\/v2\/pages\/34\/revisions\/2542"}],"wp:featuredmedia":[{"embeddable":true,"href":"https:\/\/metale.pwr.edu.pl\/index.php\/wp-json\/wp\/v2\/media\/113"}],"wp:attachment":[{"href":"https:\/\/metale.pwr.edu.pl\/index.php\/wp-json\/wp\/v2\/media?parent=34"}],"curies":[{"name":"wp","href":"https:\/\/api.w.org\/{rel}","templated":true}]}}